{"id":192,"date":"2022-10-27T14:11:05","date_gmt":"2022-10-27T14:11:05","guid":{"rendered":"https:\/\/urtzifit.com\/?page_id=192"},"modified":"2025-09-09T08:19:42","modified_gmt":"2025-09-09T08:19:42","slug":"colaboradores","status":"publish","type":"page","link":"https:\/\/urtzifit.com\/eu\/colaboradores\/","title":{"rendered":"Laguntzaileak"},"content":{"rendered":"<p>[et_pb_section fb_built=\u00bb1&#8243; admin_label=\u00bbBlog\u00bb _builder_version=\u00bb4.16&#8243; _module_preset=\u00bbdefault\u00bb background_image=\u00bbhttps:\/\/urtzifit.com\/wp-content\/uploads\/2022\/09\/virtual-exercise_30.png\u00bb background_size=\u00bbcontain\u00bb background_position=\u00bbtop_center\u00bb da_disable_devices=\u00bboff|off|off\u00bb global_colors_info=\u00bb{}\u00bb da_is_popup=\u00bboff\u00bb da_exit_intent=\u00bboff\u00bb da_has_close=\u00bbon\u00bb da_alt_close=\u00bboff\u00bb da_dark_close=\u00bboff\u00bb da_not_modal=\u00bbon\u00bb da_is_singular=\u00bboff\u00bb da_with_loader=\u00bboff\u00bb da_has_shadow=\u00bbon\u00bb][et_pb_row _builder_version=\u00bb4.16&#8243; _module_preset=\u00bbdefault\u00bb global_colors_info=\u00bb{}\u00bb][et_pb_column type=\u00bb4_4&#8243; _builder_version=\u00bb4.16&#8243; _module_preset=\u00bbdefault\u00bb global_colors_info=\u00bb{}\u00bb][et_pb_text _builder_version=\u00bb4.18.1&#8243; _module_preset=\u00bbdefault\u00bb header_font=\u00bbMontserrat|900|on|on|||||\u00bb header_text_color=\u00bb#000000&#8243; header_font_size=\u00bb60px\u00bb header_text_align_tablet=\u00bbcenter\u00bb header_text_align_phone=\u00bbcenter\u00bb header_text_align_last_edited=\u00bbon|phone\u00bb header_font_size_tablet=\u00bb40px\u00bb header_font_size_phone=\u00bb25px\u00bb header_font_size_last_edited=\u00bbon|tablet\u00bb header_text_shadow_style=\u00bbpreset5&#8243; header_text_shadow_horizontal_length=\u00bb0.04em\u00bb header_text_shadow_vertical_length=\u00bb0.04em\u00bb header_text_shadow_color=\u00bb#00ff0f\u00bb global_colors_info=\u00bb{}\u00bb]<\/p>\n<h1>Colaboraciones<\/h1>\n<p>[\/et_pb_text][\/et_pb_column][\/et_pb_row][et_pb_row column_structure=\u00bb1_2,1_2&#8243; _builder_version=\u00bb4.18.0&#8243; _module_preset=\u00bbdefault\u00bb global_colors_info=\u00bb{}\u00bb][et_pb_column type=\u00bb1_2&#8243; _builder_version=\u00bb4.16&#8243; _module_preset=\u00bbdefault\u00bb border_radii=\u00bbon|10px|10px|10px|10px\u00bb box_shadow_style=\u00bbpreset3&#8243; box_shadow_vertical=\u00bb22px\u00bb box_shadow_blur=\u00bb111px\u00bb box_shadow_spread=\u00bb-18px\u00bb box_shadow_color=\u00bbrgba(0,147,255,0.45)\u00bb global_colors_info=\u00bb{}\u00bb][et_pb_image src=\u00bbhttps:\/\/urtzifit.com\/wp-content\/uploads\/2022\/10\/urtzi-fit-colaborador-decathlon.jpg\u00bb alt=\u00bbUrtzi Fit colabora con Decathlon\u00bb title_text=\u00bbUrtzi Fit colabora con Decathlon\u00bb _builder_version=\u00bb4.18.1&#8243; _module_preset=\u00bbdefault\u00bb global_colors_info=\u00bb{}\u00bb][\/et_pb_image][\/et_pb_column][et_pb_column type=\u00bb1_2&#8243; _builder_version=\u00bb4.16&#8243; _module_preset=\u00bbdefault\u00bb global_colors_info=\u00bb{}\u00bb][et_pb_text _builder_version=\u00bb4.18.1&#8243; _module_preset=\u00bbdefault\u00bb header_2_font=\u00bbMontserrat|900|on||||||\u00bb header_2_text_align=\u00bbleft\u00bb header_2_text_color=\u00bb#000000&#8243; header_2_font_size=\u00bb45px\u00bb header_2_line_height=\u00bb1.2em\u00bb text_orientation=\u00bbcenter\u00bb max_width=\u00bb800px\u00bb module_alignment=\u00bbcenter\u00bb header_2_text_align_tablet=\u00bbleft\u00bb header_2_text_align_phone=\u00bbcenter\u00bb header_2_text_align_last_edited=\u00bbon|phone\u00bb header_2_font_size_tablet=\u00bb25px\u00bb header_2_font_size_phone=\u00bb18px\u00bb header_2_font_size_last_edited=\u00bbon|desktop\u00bb header_2_text_shadow_style=\u00bbpreset4&#8243; header_2_text_shadow_color=\u00bbrgba(102,255,138,0.5)\u00bb global_colors_info=\u00bb{}\u00bb]<\/p>\n<h2>Soy atleta de Decathlon<\/h2>\n<p>[\/et_pb_text][et_pb_text _builder_version=\u00bb4.18.1&#8243; _module_preset=\u00bbdefault\u00bb text_font_size=\u00bb16px\u00bb text_line_height=\u00bb2em\u00bb text_orientation_tablet=\u00bb\u00bb text_orientation_phone=\u00bbcenter\u00bb text_orientation_last_edited=\u00bbon|phone\u00bb global_colors_info=\u00bb{}\u00bb]<\/p>\n<p><strong>PORQUE su filosof\u00eda representa mi m\u00e9todo de trabajo<\/strong><\/p>\n<p>porque ayuda, acompa\u00f1a y motiva al deportista principiante que no sabe por d\u00f3nde empezar<\/p>\n<p>y tambi\u00e9n asesora al deportista m\u00e1s experimentado que siempre quiere ir un poco m\u00e1s all\u00e1<\/p>\n<p><strong>buena forma f\u00edsica, buena salud<\/strong><br \/><strong>con Decathlon<\/strong><\/p>\n<p>[\/et_pb_text][\/et_pb_column][\/et_pb_row][\/et_pb_section][et_pb_section fb_built=\u00bb1&#8243; admin_label=\u00bbBlog\u00bb _builder_version=\u00bb4.18.0&#8243; _module_preset=\u00bbdefault\u00bb background_image=\u00bbhttps:\/\/urtzifit.com\/wp-content\/uploads\/2022\/09\/virtual-exercise_30.png\u00bb background_size=\u00bbcontain\u00bb background_position=\u00bbtop_center\u00bb custom_padding=\u00bb||100px||false|false\u00bb da_disable_devices=\u00bboff|off|off\u00bb global_colors_info=\u00bb{}\u00bb da_is_popup=\u00bboff\u00bb da_exit_intent=\u00bboff\u00bb da_has_close=\u00bbon\u00bb da_alt_close=\u00bboff\u00bb da_dark_close=\u00bboff\u00bb da_not_modal=\u00bbon\u00bb da_is_singular=\u00bboff\u00bb da_with_loader=\u00bboff\u00bb da_has_shadow=\u00bbon\u00bb][et_pb_row column_structure=\u00bb3_5,2_5&#8243; _builder_version=\u00bb4.18.0&#8243; _module_preset=\u00bbdefault\u00bb background_color=\u00bbRGBA(255,255,255,0)\u00bb global_colors_info=\u00bb{}\u00bb][et_pb_column type=\u00bb3_5&#8243; _builder_version=\u00bb4.18.0&#8243; _module_preset=\u00bbdefault\u00bb background_color=\u00bbRGBA(255,255,255,0)\u00bb border_radii=\u00bbon|10px|10px|10px|10px\u00bb global_colors_info=\u00bb{}\u00bb][et_pb_text _builder_version=\u00bb4.27.4&#8243; _module_preset=\u00bbdefault\u00bb header_2_font=\u00bbMontserrat|900|on||||||\u00bb header_2_text_align=\u00bbright\u00bb header_2_text_color=\u00bb#000000&#8243; header_2_font_size=\u00bb45px\u00bb header_2_line_height=\u00bb1.2em\u00bb text_orientation=\u00bbcenter\u00bb max_width=\u00bb800px\u00bb module_alignment=\u00bbcenter\u00bb header_2_text_align_tablet=\u00bbright\u00bb header_2_text_align_phone=\u00bbcenter\u00bb header_2_text_align_last_edited=\u00bbon|phone\u00bb header_2_font_size_tablet=\u00bb25px\u00bb header_2_font_size_phone=\u00bb18px\u00bb header_2_font_size_last_edited=\u00bbon|desktop\u00bb header_2_text_shadow_style=\u00bbpreset4&#8243; header_2_text_shadow_color=\u00bbrgba(102,255,138,0.5)\u00bb global_colors_info=\u00bb{}\u00bb]<\/p>\n<h2>Soy atleta de PROZIS<\/h2>\n<p>[\/et_pb_text][et_pb_text _builder_version=\u00bb4.27.4&#8243; _module_preset=\u00bbdefault\u00bb text_font_size=\u00bb16px\u00bb text_line_height=\u00bb2em\u00bb background_color=\u00bbRGBA(255,255,255,0)\u00bb text_orientation=\u00bbright\u00bb text_orientation_tablet=\u00bbright\u00bb text_orientation_phone=\u00bbcenter\u00bb text_orientation_last_edited=\u00bbon|phone\u00bb global_colors_info=\u00bb{}\u00bb]<\/p>\n<p><strong>PORQUE te ayuda a crecer nutricionalmente en la pr\u00e1ctica del deporte<\/strong><\/p>\n<p>porque mi m\u00e9todo de \u201cp\u00e9rdida de grasa\u201d se apoya en sus productos de nutrici\u00f3n deportiva<\/p>\n<p>y adem\u00e1s su oferta alimenticia te ayuda a conseguir el d\u00e9ficit cal\u00f3rico que necesitas para mi m\u00e9todo<\/p>\n<p><strong>buena alimentaci\u00f3n, buena salud<\/strong><br \/><strong>con PROZIS<\/strong><\/p>\n<p>[\/et_pb_text][et_pb_text _builder_version=\u00bb4.27.4&#8243; _module_preset=\u00bbdefault\u00bb link_font=\u00bbMontserrat|900|on||||||\u00bb link_text_align=\u00bbright\u00bb link_font_size=\u00bb19px\u00bb header_2_font=\u00bbMontserrat|900|on||||||\u00bb header_2_text_align=\u00bbright\u00bb header_2_text_color=\u00bb#000000&#8243; header_2_font_size=\u00bb45px\u00bb header_2_line_height=\u00bb1.2em\u00bb header_4_font=\u00bbMontserrat|900|on||||||\u00bb header_4_text_align=\u00bbright\u00bb text_orientation=\u00bbcenter\u00bb max_width=\u00bb800px\u00bb module_alignment=\u00bbcenter\u00bb hover_enabled=\u00bb0&#8243; header_2_text_align_tablet=\u00bbright\u00bb header_2_text_align_phone=\u00bbcenter\u00bb header_2_text_align_last_edited=\u00bbon|phone\u00bb header_2_font_size_tablet=\u00bb25px\u00bb header_2_font_size_phone=\u00bb18px\u00bb header_2_font_size_last_edited=\u00bbon|desktop\u00bb header_4_text_align_tablet=\u00bbright\u00bb header_4_text_align_phone=\u00bbcenter\u00bb header_4_text_align_last_edited=\u00bbon|phone\u00bb header_2_text_shadow_style=\u00bbpreset4&#8243; header_2_text_shadow_color=\u00bbrgba(102,255,138,0.5)\u00bb global_colors_info=\u00bb{}\u00bb sticky_enabled=\u00bb0&#8243;]<\/p>\n<h4>Consigue importantes descuentos en productos PROZIS utilizando mi c\u00f3digo: URTZIFIT<\/h4>\n<p>&nbsp;<\/p>\n<p style=\"text-align: right;\"><a href=\"http:\/\/prozis.com\/1dTF8\" target=\"_blank\" rel=\"noopener\">Ir a PROZIS<\/a><\/p>\n<p>[\/et_pb_text][\/et_pb_column][et_pb_column type=\u00bb2_5&#8243; _builder_version=\u00bb4.16&#8243; _module_preset=\u00bbdefault\u00bb border_radii=\u00bbon|10px|10px|10px|10px\u00bb box_shadow_style=\u00bbpreset3&#8243; box_shadow_vertical=\u00bb22px\u00bb box_shadow_blur=\u00bb111px\u00bb box_shadow_spread=\u00bb-18px\u00bb box_shadow_color=\u00bbrgba(0,147,255,0.45)\u00bb global_colors_info=\u00bb{}\u00bb][et_pb_image src=\u00bbhttps:\/\/urtzifit.com\/wp-content\/uploads\/2025\/09\/urtzifit-prozis.jpg\u00bb alt=\u00bbUrtzi Fit colabora con Myprotein\u00bb title_text=\u00bburtzifit-prozis\u00bb _builder_version=\u00bb4.27.4&#8243; _module_preset=\u00bbdefault\u00bb box_shadow_style=\u00bbpreset3&#8243; box_shadow_color=\u00bbRGBA(255,255,255,0)\u00bb global_colors_info=\u00bb{}\u00bb][\/et_pb_image][\/et_pb_column][\/et_pb_row][\/et_pb_section][et_pb_section fb_built=\u00bb1&#8243; admin_label=\u00bbFooter\u00bb _builder_version=\u00bb4.18.0&#8243; _module_preset=\u00bbdefault\u00bb background_image=\u00bbhttps:\/\/urtzifit.com\/wp-content\/uploads\/2022\/10\/urtzi-fit-entrenamiento-personal-down-2.jpg\u00bb custom_padding=\u00bb0px||||false|false\u00bb da_disable_devices=\u00bboff|off|off\u00bb global_module=\u00bb115&#8243; saved_tabs=\u00bball\u00bb global_colors_info=\u00bb{}\u00bb da_is_popup=\u00bboff\u00bb da_exit_intent=\u00bboff\u00bb da_has_close=\u00bbon\u00bb da_alt_close=\u00bboff\u00bb da_dark_close=\u00bboff\u00bb da_not_modal=\u00bbon\u00bb da_is_singular=\u00bboff\u00bb da_with_loader=\u00bboff\u00bb da_has_shadow=\u00bbon\u00bb][et_pb_row _builder_version=\u00bb4.16&#8243; _module_preset=\u00bbdefault\u00bb width=\u00bb100%\u00bb max_width=\u00bb100%\u00bb custom_padding=\u00bb0px||0px||true|false\u00bb global_colors_info=\u00bb{}\u00bb][et_pb_column type=\u00bb4_4&#8243; _builder_version=\u00bb4.16&#8243; _module_preset=\u00bbdefault\u00bb global_colors_info=\u00bb{}\u00bb][et_pb_image src=\u00bbhttps:\/\/urtzifit.com\/wp-content\/uploads\/2022\/09\/virtual-exercise_33.png\u00bb alt=\u00bbDise\u00f1o Urtzi Fit &#8211; Entrenamiento personalizado\u00bb title_text=\u00bbDise\u00f1o Urtzi Fit &#8211; entrenamiento personalizado\u00bb _builder_version=\u00bb4.18.1&#8243; _module_preset=\u00bbdefault\u00bb custom_margin=\u00bb||-12vw||false|false\u00bb global_colors_info=\u00bb{}\u00bb][\/et_pb_image][\/et_pb_column][\/et_pb_row][et_pb_row _builder_version=\u00bb4.16&#8243; _module_preset=\u00bbdefault\u00bb global_colors_info=\u00bb{}\u00bb][et_pb_column type=\u00bb4_4&#8243; _builder_version=\u00bb4.16&#8243; _module_preset=\u00bbdefault\u00bb global_colors_info=\u00bb{}\u00bb][et_pb_text _builder_version=\u00bb4.18.1&#8243; _module_preset=\u00bbdefault\u00bb header_2_font=\u00bbMontserrat|900|on||||||\u00bb header_2_text_color=\u00bb#FFFFFF\u00bb header_2_font_size=\u00bb45px\u00bb header_2_line_height=\u00bb1.2em\u00bb header_3_font=\u00bbMontserrat|900|on||||||\u00bb header_3_text_color=\u00bb#FFFFFF\u00bb header_3_font_size=\u00bb45px\u00bb header_3_line_height=\u00bb1.2em\u00bb text_orientation=\u00bbcenter\u00bb header_2_font_size_tablet=\u00bb25px\u00bb header_2_font_size_phone=\u00bb18px\u00bb header_2_font_size_last_edited=\u00bbon|tablet\u00bb header_3_font_size_tablet=\u00bb25px\u00bb header_3_font_size_phone=\u00bb22px\u00bb header_3_font_size_last_edited=\u00bbon|phone\u00bb header_2_text_shadow_style=\u00bbpreset4&#8243; header_2_text_shadow_color=\u00bb#000000&#8243; locked=\u00bboff\u00bb global_colors_info=\u00bb{}\u00bb]<\/p>\n<h3>\u00a1Comienza tu cambio!<\/h3>\n<p>[\/et_pb_text][et_pb_button button_url=\u00bbhttps:\/\/urtzifit.com\/entrenamiento-y-nutricion\/#tarifas\u00bb button_text=\u00bbSolicita tu plan\u00bb button_alignment=\u00bbcenter\u00bb _builder_version=\u00bb4.27.4&#8243; _module_preset=\u00bbdefault\u00bb custom_button=\u00bbon\u00bb button_text_size=\u00bb12px\u00bb button_text_color=\u00bb#000000&#8243; button_bg_use_color_gradient=\u00bbon\u00bb button_bg_color_gradient_direction=\u00bb90deg\u00bb button_bg_color_gradient_stops=\u00bb#f7aaff 0%|#00fff2 100%\u00bb button_bg_color_gradient_start=\u00bb#f7aaff\u00bb button_bg_color_gradient_end=\u00bb#00fff2&#8243; button_border_width=\u00bb0px\u00bb button_border_radius=\u00bb0px\u00bb button_letter_spacing=\u00bb3px\u00bb button_font=\u00bb|700||on|||||\u00bb custom_padding=\u00bb24px|24px|24px|24px|true|true\u00bb locked=\u00bboff\u00bb global_colors_info=\u00bb{}\u00bb][\/et_pb_button][\/et_pb_column][\/et_pb_row][et_pb_row use_custom_gutter=\u00bbon\u00bb gutter_width=\u00bb2&#8243; _builder_version=\u00bb4.16&#8243; _module_preset=\u00bbdefault\u00bb global_colors_info=\u00bb{}\u00bb][et_pb_column type=\u00bb4_4&#8243; _builder_version=\u00bb4.16&#8243; _module_preset=\u00bbdefault\u00bb global_colors_info=\u00bb{}\u00bb][et_pb_text disabled_on=\u00bbon|on|on\u00bb _builder_version=\u00bb4.18.1&#8243; _module_preset=\u00bbdefault\u00bb text_font=\u00bb|600||on|||||\u00bb text_letter_spacing=\u00bb2px\u00bb link_text_color=\u00bb#FFFFFF\u00bb header_4_font=\u00bb|700||on|||||\u00bb header_4_font_size=\u00bb14px\u00bb header_4_letter_spacing=\u00bb3px\u00bb text_orientation=\u00bbcenter\u00bb background_layout=\u00bbdark\u00bb link_option_url=\u00bbhttps:\/\/urtzifit.com\/#maldia\u00bb disabled=\u00bbon\u00bb global_colors_info=\u00bb{}\u00bb link_text_color__hover_enabled=\u00bbon|desktop\u00bb link_text_color__hover=\u00bb#9fff00&#8243;]<\/p>\n<p>Si tienes un mal d\u00eda pulsa \u00a1AQU\u00ed!<\/p>\n<p>[\/et_pb_text][\/et_pb_column][\/et_pb_row][\/et_pb_section]<\/p>\n","protected":false},"excerpt":{"rendered":"<p>ColaboracionesSoy atleta de DecathlonPORQUE su filosof\u00eda representa mi m\u00e9todo de trabajo porque ayuda, acompa\u00f1a y motiva al deportista principiante que no sabe por d\u00f3nde empezar y tambi\u00e9n asesora al deportista m\u00e1s experimentado que siempre quiere ir un poco m\u00e1s all\u00e1 buena forma f\u00edsica, buena saludcon DecathlonSoy atleta de PROZISPORQUE te ayuda a crecer nutricionalmente en [&hellip;]<\/p>\n","protected":false},"author":1,"featured_media":0,"parent":0,"menu_order":0,"comment_status":"closed","ping_status":"closed","template":"","meta":{"_et_pb_use_builder":"on","_et_pb_old_content":"","_et_gb_content_width":"","footnotes":""},"class_list":["post-192","page","type-page","status-publish","hentry"],"yoast_head":"<!-- This site is optimized with the Yoast SEO plugin v27.4 - https:\/\/yoast.com\/product\/yoast-seo-wordpress\/ -->\n<title>Colaboradores - Entrenamiento personalizado online<\/title>\n<meta name=\"description\" content=\"Urtzi Fit colabora con importantes firmas especializadas en deporte y nutrici\u00f3n como son Decathlon y Myprotein.\" \/>\n<meta name=\"robots\" content=\"index, follow, max-snippet:-1, max-image-preview:large, max-video-preview:-1\" \/>\n<link rel=\"canonical\" href=\"https:\/\/urtzifit.com\/eu\/colaboradores\/\" \/>\n<meta property=\"og:locale\" content=\"en_US\" \/>\n<meta property=\"og:type\" content=\"article\" \/>\n<meta property=\"og:title\" content=\"Colaboradores - Entrenamiento personalizado online\" \/>\n<meta property=\"og:description\" content=\"Urtzi Fit colabora con importantes firmas especializadas en deporte y nutrici\u00f3n como son Decathlon y Myprotein.\" \/>\n<meta property=\"og:url\" content=\"https:\/\/urtzifit.com\/eu\/colaboradores\/\" \/>\n<meta property=\"og:site_name\" content=\"Urtzi Fit - Entrenamiento personal\" \/>\n<meta property=\"article:modified_time\" content=\"2025-09-09T08:19:42+00:00\" \/>\n<meta name=\"twitter:card\" content=\"summary_large_image\" \/>\n<meta name=\"twitter:label1\" content=\"Est. reading time\" \/>\n\t<meta name=\"twitter:data1\" content=\"3 minutua\" \/>\n<script type=\"application\/ld+json\" class=\"yoast-schema-graph\">{\"@context\":\"https:\\\/\\\/schema.org\",\"@graph\":[{\"@type\":\"WebPage\",\"@id\":\"https:\\\/\\\/urtzifit.com\\\/colaboradores\\\/\",\"url\":\"https:\\\/\\\/urtzifit.com\\\/colaboradores\\\/\",\"name\":\"Colaboradores - Entrenamiento personalizado online\",\"isPartOf\":{\"@id\":\"https:\\\/\\\/urtzifit.com\\\/#website\"},\"datePublished\":\"2022-10-27T14:11:05+00:00\",\"dateModified\":\"2025-09-09T08:19:42+00:00\",\"description\":\"Urtzi Fit colabora con importantes firmas especializadas en deporte y nutrici\u00f3n como son Decathlon y Myprotein.\",\"breadcrumb\":{\"@id\":\"https:\\\/\\\/urtzifit.com\\\/colaboradores\\\/#breadcrumb\"},\"inLanguage\":\"eu\",\"potentialAction\":[{\"@type\":\"ReadAction\",\"target\":[\"https:\\\/\\\/urtzifit.com\\\/colaboradores\\\/\"]}]},{\"@type\":\"BreadcrumbList\",\"@id\":\"https:\\\/\\\/urtzifit.com\\\/colaboradores\\\/#breadcrumb\",\"itemListElement\":[{\"@type\":\"ListItem\",\"position\":1,\"name\":\"Portada\",\"item\":\"https:\\\/\\\/urtzifit.com\\\/\"},{\"@type\":\"ListItem\",\"position\":2,\"name\":\"Colaboradores\"}]},{\"@type\":\"WebSite\",\"@id\":\"https:\\\/\\\/urtzifit.com\\\/#website\",\"url\":\"https:\\\/\\\/urtzifit.com\\\/\",\"name\":\"Urtzi Fit - Entrenamiento personal\",\"description\":\"Urtzi Fit, entrenamiento personal y alimentaci\u00f3n especializado en la p\u00e9rdida de grasa\",\"publisher\":{\"@id\":\"https:\\\/\\\/urtzifit.com\\\/#organization\"},\"potentialAction\":[{\"@type\":\"SearchAction\",\"target\":{\"@type\":\"EntryPoint\",\"urlTemplate\":\"https:\\\/\\\/urtzifit.com\\\/?s={search_term_string}\"},\"query-input\":{\"@type\":\"PropertyValueSpecification\",\"valueRequired\":true,\"valueName\":\"search_term_string\"}}],\"inLanguage\":\"eu\"},{\"@type\":\"Organization\",\"@id\":\"https:\\\/\\\/urtzifit.com\\\/#organization\",\"name\":\"Urtzi Fit - Entrenamiento personalizado online\",\"url\":\"https:\\\/\\\/urtzifit.com\\\/\",\"logo\":{\"@type\":\"ImageObject\",\"inLanguage\":\"eu\",\"@id\":\"https:\\\/\\\/urtzifit.com\\\/#\\\/schema\\\/logo\\\/image\\\/\",\"url\":\"https:\\\/\\\/urtzifit.com\\\/wp-content\\\/uploads\\\/2022\\\/10\\\/Logo-Urtzi-fit-entrenamiento-personal.png\",\"contentUrl\":\"https:\\\/\\\/urtzifit.com\\\/wp-content\\\/uploads\\\/2022\\\/10\\\/Logo-Urtzi-fit-entrenamiento-personal.png\",\"width\":800,\"height\":680,\"caption\":\"Urtzi Fit - Entrenamiento personalizado online\"},\"image\":{\"@id\":\"https:\\\/\\\/urtzifit.com\\\/#\\\/schema\\\/logo\\\/image\\\/\"},\"sameAs\":[\"https:\\\/\\\/www.instagram.com\\\/urtzifit\\\/\"]}]}<\/script>\n<!-- \/ Yoast SEO plugin. -->","yoast_head_json":{"title":"Colaboradores - Entrenamiento personalizado online","description":"Urtzi Fit colabora con importantes firmas especializadas en deporte y nutrici\u00f3n como son Decathlon y Myprotein.","robots":{"index":"index","follow":"follow","max-snippet":"max-snippet:-1","max-image-preview":"max-image-preview:large","max-video-preview":"max-video-preview:-1"},"canonical":"https:\/\/urtzifit.com\/eu\/colaboradores\/","og_locale":"en_US","og_type":"article","og_title":"Colaboradores - Entrenamiento personalizado online","og_description":"Urtzi Fit colabora con importantes firmas especializadas en deporte y nutrici\u00f3n como son Decathlon y Myprotein.","og_url":"https:\/\/urtzifit.com\/eu\/colaboradores\/","og_site_name":"Urtzi Fit - Entrenamiento personal","article_modified_time":"2025-09-09T08:19:42+00:00","twitter_card":"summary_large_image","twitter_misc":{"Est. reading time":"3 minutua"},"schema":{"@context":"https:\/\/schema.org","@graph":[{"@type":"WebPage","@id":"https:\/\/urtzifit.com\/colaboradores\/","url":"https:\/\/urtzifit.com\/colaboradores\/","name":"Colaboradores - Entrenamiento personalizado online","isPartOf":{"@id":"https:\/\/urtzifit.com\/#website"},"datePublished":"2022-10-27T14:11:05+00:00","dateModified":"2025-09-09T08:19:42+00:00","description":"Urtzi Fit colabora con importantes firmas especializadas en deporte y nutrici\u00f3n como son Decathlon y Myprotein.","breadcrumb":{"@id":"https:\/\/urtzifit.com\/colaboradores\/#breadcrumb"},"inLanguage":"eu","potentialAction":[{"@type":"ReadAction","target":["https:\/\/urtzifit.com\/colaboradores\/"]}]},{"@type":"BreadcrumbList","@id":"https:\/\/urtzifit.com\/colaboradores\/#breadcrumb","itemListElement":[{"@type":"ListItem","position":1,"name":"Portada","item":"https:\/\/urtzifit.com\/"},{"@type":"ListItem","position":2,"name":"Colaboradores"}]},{"@type":"WebSite","@id":"https:\/\/urtzifit.com\/#website","url":"https:\/\/urtzifit.com\/","name":"Urtzi Fit - Entrenamiento personal","description":"Urtzi Fit, entrenamiento personal y alimentaci\u00f3n especializado en la p\u00e9rdida de grasa","publisher":{"@id":"https:\/\/urtzifit.com\/#organization"},"potentialAction":[{"@type":"SearchAction","target":{"@type":"EntryPoint","urlTemplate":"https:\/\/urtzifit.com\/?s={search_term_string}"},"query-input":{"@type":"PropertyValueSpecification","valueRequired":true,"valueName":"search_term_string"}}],"inLanguage":"eu"},{"@type":"Organization","@id":"https:\/\/urtzifit.com\/#organization","name":"Urtzi Fit - Entrenamiento personalizado online","url":"https:\/\/urtzifit.com\/","logo":{"@type":"ImageObject","inLanguage":"eu","@id":"https:\/\/urtzifit.com\/#\/schema\/logo\/image\/","url":"https:\/\/urtzifit.com\/wp-content\/uploads\/2022\/10\/Logo-Urtzi-fit-entrenamiento-personal.png","contentUrl":"https:\/\/urtzifit.com\/wp-content\/uploads\/2022\/10\/Logo-Urtzi-fit-entrenamiento-personal.png","width":800,"height":680,"caption":"Urtzi Fit - Entrenamiento personalizado online"},"image":{"@id":"https:\/\/urtzifit.com\/#\/schema\/logo\/image\/"},"sameAs":["https:\/\/www.instagram.com\/urtzifit\/"]}]}},"_links":{"self":[{"href":"https:\/\/urtzifit.com\/eu\/wp-json\/wp\/v2\/pages\/192","targetHints":{"allow":["GET"]}}],"collection":[{"href":"https:\/\/urtzifit.com\/eu\/wp-json\/wp\/v2\/pages"}],"about":[{"href":"https:\/\/urtzifit.com\/eu\/wp-json\/wp\/v2\/types\/page"}],"author":[{"embeddable":true,"href":"https:\/\/urtzifit.com\/eu\/wp-json\/wp\/v2\/users\/1"}],"replies":[{"embeddable":true,"href":"https:\/\/urtzifit.com\/eu\/wp-json\/wp\/v2\/comments?post=192"}],"version-history":[{"count":0,"href":"https:\/\/urtzifit.com\/eu\/wp-json\/wp\/v2\/pages\/192\/revisions"}],"wp:attachment":[{"href":"https:\/\/urtzifit.com\/eu\/wp-json\/wp\/v2\/media?parent=192"}],"curies":[{"name":"wp","href":"https:\/\/api.w.org\/{rel}","templated":true}]}}