{"id":319,"date":"2022-10-28T11:25:56","date_gmt":"2022-10-28T11:25:56","guid":{"rendered":"https:\/\/urtzifit.com\/personalizar-cookies\/"},"modified":"2022-10-31T10:38:39","modified_gmt":"2022-10-31T10:38:39","slug":"personalizar-cookies","status":"publish","type":"page","link":"https:\/\/urtzifit.com\/eu\/personalizar-cookies\/","title":{"rendered":"Personalizar Cookies"},"content":{"rendered":"<div>\n      <div id=\"custom-cookies-eu-label\">\n          El sitio Web https:\/\/urtzifit.com utiliza cookies propias  para su correcto funcionamiento. Al hacer clic en el bot\u00f3n Aceptar, acepta el uso de estas tecnolog\u00edas y el procesamiento de sus datos para estos prop\u00f3sitos.          \n\n      <\/div>\n\n      <div id=\"custom-cookies-eu-buttons\" class=\"cookies-eu-buttons\">\n        <button id=\"custom-cookies-eu-reject\" class=\"cookies-eu-reject\">Rechazar<\/button>\n        <button id=\"custom-cookies-eu-accept\" class=\"cookies-eu-accept\">ACEPTAR TODAS LAS COOKIES<\/button><\/div>\n      <\/div>\n\n<br\/>\n<p>\n\tPuedes cambiar tus preferencias de cookies en cualquier momento si vuelves a la p\u00e1gina de Personalizar cookies, a la que puedes acceder a trav\u00e9s del Aviso de cookies. Para obtener m\u00e1s informaci\u00f3n sobre las cookies y c\u00f3mo las usamos, consulta la p\u00e1gina de <a href=\"https:\/\/urtzifit.com\/eu\/politica-de-cookies\/\">Pol\u00edtica de Cookies<\/a>.\n<\/p>\n\n<h3>Cookies t\u00e9cnicas<\/h3>\n<p>\n\tSon aquellas que permiten a los usuarios registrados navegar a trav\u00e9s del sitio Web, del \u00e1rea restringida y a utilizar sus diferentes funciones, como por ejemplo, el sistema de comentarios o el buscador y no pueden ser desactivadas.\n<\/p>","protected":false},"excerpt":{"rendered":"<p>El sitio Web https:\/\/urtzifit.com utiliza cookies propias para su correcto funcionamiento. Al hacer clic en el bot\u00f3n Aceptar, acepta el uso de estas tecnolog\u00edas y el procesamiento de sus datos para estos prop\u00f3sitos. Rechazar ACEPTAR TODAS LAS COOKIES Puedes cambiar tus preferencias de cookies en cualquier momento si vuelves a la p\u00e1gina de Personalizar cookies, [&hellip;]<\/p>\n","protected":false},"author":1,"featured_media":0,"parent":0,"menu_order":0,"comment_status":"closed","ping_status":"closed","template":"","meta":{"_et_pb_use_builder":"","_et_pb_old_content":"","_et_gb_content_width":"","footnotes":""},"class_list":["post-319","page","type-page","status-publish","hentry"],"yoast_head":"<!-- This site is optimized with the Yoast SEO plugin v27.4 - https:\/\/yoast.com\/product\/yoast-seo-wordpress\/ -->\n<title>Personalizar Cookies - Urtzi Fit - Entrenamiento personal<\/title>\n<meta name=\"robots\" content=\"noindex, follow\" \/>\n<meta property=\"og:locale\" content=\"en_US\" \/>\n<meta property=\"og:type\" content=\"article\" \/>\n<meta property=\"og:title\" content=\"Personalizar Cookies - Urtzi Fit - Entrenamiento personal\" \/>\n<meta property=\"og:description\" content=\"El sitio Web https:\/\/urtzifit.com utiliza cookies propias para su correcto funcionamiento. Al hacer clic en el bot\u00f3n Aceptar, acepta el uso de estas tecnolog\u00edas y el procesamiento de sus datos para estos prop\u00f3sitos. Rechazar ACEPTAR TODAS LAS COOKIES Puedes cambiar tus preferencias de cookies en cualquier momento si vuelves a la p\u00e1gina de Personalizar cookies, [&hellip;]\" \/>\n<meta property=\"og:url\" content=\"https:\/\/urtzifit.com\/eu\/personalizar-cookies\/\" \/>\n<meta property=\"og:site_name\" content=\"Urtzi Fit - Entrenamiento personal\" \/>\n<meta property=\"article:modified_time\" content=\"2022-10-31T10:38:39+00:00\" \/>\n<meta name=\"twitter:card\" content=\"summary_large_image\" \/>\n<script type=\"application\/ld+json\" class=\"yoast-schema-graph\">{\"@context\":\"https:\\\/\\\/schema.org\",\"@graph\":[{\"@type\":\"WebPage\",\"@id\":\"https:\\\/\\\/urtzifit.com\\\/personalizar-cookies\\\/\",\"url\":\"https:\\\/\\\/urtzifit.com\\\/personalizar-cookies\\\/\",\"name\":\"Personalizar Cookies - Urtzi Fit - Entrenamiento personal\",\"isPartOf\":{\"@id\":\"https:\\\/\\\/urtzifit.com\\\/#website\"},\"datePublished\":\"2022-10-28T11:25:56+00:00\",\"dateModified\":\"2022-10-31T10:38:39+00:00\",\"breadcrumb\":{\"@id\":\"https:\\\/\\\/urtzifit.com\\\/personalizar-cookies\\\/#breadcrumb\"},\"inLanguage\":\"eu\",\"potentialAction\":[{\"@type\":\"ReadAction\",\"target\":[\"https:\\\/\\\/urtzifit.com\\\/personalizar-cookies\\\/\"]}]},{\"@type\":\"BreadcrumbList\",\"@id\":\"https:\\\/\\\/urtzifit.com\\\/personalizar-cookies\\\/#breadcrumb\",\"itemListElement\":[{\"@type\":\"ListItem\",\"position\":1,\"name\":\"Portada\",\"item\":\"https:\\\/\\\/urtzifit.com\\\/\"},{\"@type\":\"ListItem\",\"position\":2,\"name\":\"Personalizar Cookies\"}]},{\"@type\":\"WebSite\",\"@id\":\"https:\\\/\\\/urtzifit.com\\\/#website\",\"url\":\"https:\\\/\\\/urtzifit.com\\\/\",\"name\":\"Urtzi Fit - Entrenamiento personal\",\"description\":\"Urtzi Fit, entrenamiento personal y alimentaci\u00f3n especializado en la p\u00e9rdida de grasa\",\"publisher\":{\"@id\":\"https:\\\/\\\/urtzifit.com\\\/#organization\"},\"potentialAction\":[{\"@type\":\"SearchAction\",\"target\":{\"@type\":\"EntryPoint\",\"urlTemplate\":\"https:\\\/\\\/urtzifit.com\\\/?s={search_term_string}\"},\"query-input\":{\"@type\":\"PropertyValueSpecification\",\"valueRequired\":true,\"valueName\":\"search_term_string\"}}],\"inLanguage\":\"eu\"},{\"@type\":\"Organization\",\"@id\":\"https:\\\/\\\/urtzifit.com\\\/#organization\",\"name\":\"Urtzi Fit - Entrenamiento personalizado online\",\"url\":\"https:\\\/\\\/urtzifit.com\\\/\",\"logo\":{\"@type\":\"ImageObject\",\"inLanguage\":\"eu\",\"@id\":\"https:\\\/\\\/urtzifit.com\\\/#\\\/schema\\\/logo\\\/image\\\/\",\"url\":\"https:\\\/\\\/urtzifit.com\\\/wp-content\\\/uploads\\\/2022\\\/10\\\/Logo-Urtzi-fit-entrenamiento-personal.png\",\"contentUrl\":\"https:\\\/\\\/urtzifit.com\\\/wp-content\\\/uploads\\\/2022\\\/10\\\/Logo-Urtzi-fit-entrenamiento-personal.png\",\"width\":800,\"height\":680,\"caption\":\"Urtzi Fit - Entrenamiento personalizado online\"},\"image\":{\"@id\":\"https:\\\/\\\/urtzifit.com\\\/#\\\/schema\\\/logo\\\/image\\\/\"},\"sameAs\":[\"https:\\\/\\\/www.instagram.com\\\/urtzifit\\\/\"]}]}<\/script>\n<!-- \/ Yoast SEO plugin. -->","yoast_head_json":{"title":"Personalizar Cookies - Urtzi Fit - Entrenamiento personal","robots":{"index":"noindex","follow":"follow"},"og_locale":"en_US","og_type":"article","og_title":"Personalizar Cookies - Urtzi Fit - Entrenamiento personal","og_description":"El sitio Web https:\/\/urtzifit.com utiliza cookies propias para su correcto funcionamiento. Al hacer clic en el bot\u00f3n Aceptar, acepta el uso de estas tecnolog\u00edas y el procesamiento de sus datos para estos prop\u00f3sitos. Rechazar ACEPTAR TODAS LAS COOKIES Puedes cambiar tus preferencias de cookies en cualquier momento si vuelves a la p\u00e1gina de Personalizar cookies, [&hellip;]","og_url":"https:\/\/urtzifit.com\/eu\/personalizar-cookies\/","og_site_name":"Urtzi Fit - Entrenamiento personal","article_modified_time":"2022-10-31T10:38:39+00:00","twitter_card":"summary_large_image","schema":{"@context":"https:\/\/schema.org","@graph":[{"@type":"WebPage","@id":"https:\/\/urtzifit.com\/personalizar-cookies\/","url":"https:\/\/urtzifit.com\/personalizar-cookies\/","name":"Personalizar Cookies - Urtzi Fit - Entrenamiento personal","isPartOf":{"@id":"https:\/\/urtzifit.com\/#website"},"datePublished":"2022-10-28T11:25:56+00:00","dateModified":"2022-10-31T10:38:39+00:00","breadcrumb":{"@id":"https:\/\/urtzifit.com\/personalizar-cookies\/#breadcrumb"},"inLanguage":"eu","potentialAction":[{"@type":"ReadAction","target":["https:\/\/urtzifit.com\/personalizar-cookies\/"]}]},{"@type":"BreadcrumbList","@id":"https:\/\/urtzifit.com\/personalizar-cookies\/#breadcrumb","itemListElement":[{"@type":"ListItem","position":1,"name":"Portada","item":"https:\/\/urtzifit.com\/"},{"@type":"ListItem","position":2,"name":"Personalizar Cookies"}]},{"@type":"WebSite","@id":"https:\/\/urtzifit.com\/#website","url":"https:\/\/urtzifit.com\/","name":"Urtzi Fit - Entrenamiento personal","description":"Urtzi Fit, entrenamiento personal y alimentaci\u00f3n especializado en la p\u00e9rdida de grasa","publisher":{"@id":"https:\/\/urtzifit.com\/#organization"},"potentialAction":[{"@type":"SearchAction","target":{"@type":"EntryPoint","urlTemplate":"https:\/\/urtzifit.com\/?s={search_term_string}"},"query-input":{"@type":"PropertyValueSpecification","valueRequired":true,"valueName":"search_term_string"}}],"inLanguage":"eu"},{"@type":"Organization","@id":"https:\/\/urtzifit.com\/#organization","name":"Urtzi Fit - Entrenamiento personalizado online","url":"https:\/\/urtzifit.com\/","logo":{"@type":"ImageObject","inLanguage":"eu","@id":"https:\/\/urtzifit.com\/#\/schema\/logo\/image\/","url":"https:\/\/urtzifit.com\/wp-content\/uploads\/2022\/10\/Logo-Urtzi-fit-entrenamiento-personal.png","contentUrl":"https:\/\/urtzifit.com\/wp-content\/uploads\/2022\/10\/Logo-Urtzi-fit-entrenamiento-personal.png","width":800,"height":680,"caption":"Urtzi Fit - Entrenamiento personalizado online"},"image":{"@id":"https:\/\/urtzifit.com\/#\/schema\/logo\/image\/"},"sameAs":["https:\/\/www.instagram.com\/urtzifit\/"]}]}},"_links":{"self":[{"href":"https:\/\/urtzifit.com\/eu\/wp-json\/wp\/v2\/pages\/319","targetHints":{"allow":["GET"]}}],"collection":[{"href":"https:\/\/urtzifit.com\/eu\/wp-json\/wp\/v2\/pages"}],"about":[{"href":"https:\/\/urtzifit.com\/eu\/wp-json\/wp\/v2\/types\/page"}],"author":[{"embeddable":true,"href":"https:\/\/urtzifit.com\/eu\/wp-json\/wp\/v2\/users\/1"}],"replies":[{"embeddable":true,"href":"https:\/\/urtzifit.com\/eu\/wp-json\/wp\/v2\/comments?post=319"}],"version-history":[{"count":0,"href":"https:\/\/urtzifit.com\/eu\/wp-json\/wp\/v2\/pages\/319\/revisions"}],"wp:attachment":[{"href":"https:\/\/urtzifit.com\/eu\/wp-json\/wp\/v2\/media?parent=319"}],"curies":[{"name":"wp","href":"https:\/\/api.w.org\/{rel}","templated":true}]}}